{"id":14149,"date":"2022-02-22T14:38:00","date_gmt":"2022-02-22T12:38:00","guid":{"rendered":"https:\/\/goodviennatours.eu\/?page_id=14149"},"modified":"2025-04-07T23:59:04","modified_gmt":"2025-04-07T21:59:04","slug":"free-tour-deutsch","status":"publish","type":"page","link":"https:\/\/goodviennatours.eu\/de\/free-tour-deutsch\/","title":{"rendered":"Free Tour Deutsch"},"content":{"rendered":"\t\t<div data-elementor-type=\"wp-page\" data-elementor-id=\"14149\" class=\"elementor elementor-14149\" data-elementor-post-type=\"page\">\n\t\t\t\t\t\t<section class=\"elementor-section elementor-top-section elementor-element elementor-element-9c6cd8a elementor-section-full_width elementor-section-height-min-height elementor-section-stretched elementor-section-height-default elementor-section-items-middle\" data-id=\"9c6cd8a\" data-element_type=\"section\" data-e-type=\"section\" data-settings=\"{&quot;stretch_section&quot;:&quot;section-stretched&quot;,&quot;background_background&quot;:&quot;classic&quot;,&quot;jet_parallax_layout_list&quot;:[]}\">\n\t\t\t\t\t\t<div class=\"elementor-container elementor-column-gap-no\">\n\t\t\t\t\t<div class=\"elementor-column elementor-col-33 elementor-top-column elementor-element elementor-element-213a022 m-header__info\" data-id=\"213a022\" data-element_type=\"column\" data-e-type=\"column\">\n\t\t\t<div class=\"elementor-widget-wrap elementor-element-populated\">\n\t\t\t\t\t\t<div class=\"elementor-element elementor-element-91a5005 elementor-widget__width-initial elementor-widget-tablet__width-initial animated-fast elementor-invisible elementor-widget elementor-widget-heading\" data-id=\"91a5005\" data-element_type=\"widget\" data-e-type=\"widget\" data-settings=\"{&quot;_animation&quot;:&quot;opal-move-right&quot;,&quot;_animation_mobile&quot;:&quot;opal-move-up&quot;}\" data-widget_type=\"heading.default\">\n\t\t\t\t<div class=\"elementor-widget-container\">\n\t\t\t\t\t<h1 class=\"elementor-heading-title elementor-size-default\">Free Tour<\/h1>\t\t\t\t<\/div>\n\t\t\t\t<\/div>\n\t\t\t\t<div class=\"elementor-element elementor-element-9a0f185 elementor-widget__width-initial elementor-widget elementor-widget-html\" data-id=\"9a0f185\" data-element_type=\"widget\" data-e-type=\"widget\" data-widget_type=\"html.default\">\n\t\t\t\t<div class=\"elementor-widget-container\">\n\t\t\t\t\t<div id=\"TA_excellent909\" class=\"TA_excellent\"><ul id=\"Ki6JCqmTn\" class=\"TA_links LbjHaDWvh\"><li id=\"amnSpC\" class=\"4KV5oPOWPK\"><a target=\"_blank\" href=\"https:\/\/www.tripadvisor.com\/Attraction_Review-g190454-d10206417-Reviews-Good_Vienna_Tours-Vienna.html\" rel=\"noopener\"><\/a><\/li><\/ul><\/div><script async src=\"https:\/\/www.jscache.com\/wejs?wtype=excellent&uniq=909&locationId=10206417&lang=en_US&display_version=2\" data-loadtrk onload=\"this.loadtrk=true\"><\/script>\t\t\t\t<\/div>\n\t\t\t\t<\/div>\n\t\t\t\t\t<\/div>\n\t\t<\/div>\n\t\t\t\t<div class=\"elementor-column elementor-col-66 elementor-top-column elementor-element elementor-element-80e3471 elementor-hidden-tablet elementor-hidden-mobile\" data-id=\"80e3471\" data-element_type=\"column\" data-e-type=\"column\">\n\t\t\t<div class=\"elementor-widget-wrap elementor-element-populated\">\n\t\t\t\t\t\t<div class=\"elementor-element elementor-element-8012673 elementor-hidden-tablet elementor-hidden-mobile elementor-widget elementor-widget-image\" data-id=\"8012673\" data-element_type=\"widget\" data-e-type=\"widget\" data-widget_type=\"image.default\">\n\t\t\t\t<div class=\"elementor-widget-container\">\n\t\t\t\t\t\t\t\t\t\t\t\t\t\t\t<img loading=\"lazy\" decoding=\"async\" loading=\"lazy\" width=\"2048\" height=\"750\" src=\"https:\/\/goodviennatours.eu\/wp-content\/uploads\/2025\/04\/IMG_8592-1-scaled-1-2048x750.jpg\" class=\"attachment-2048x2048 size-2048x2048 wp-image-18528\" alt=\"\" srcset=\"https:\/\/goodviennatours.eu\/wp-content\/uploads\/2025\/04\/IMG_8592-1-scaled-1-2048x750.jpg 2048w, https:\/\/goodviennatours.eu\/wp-content\/uploads\/2025\/04\/IMG_8592-1-scaled-1-300x110.jpg 300w, https:\/\/goodviennatours.eu\/wp-content\/uploads\/2025\/04\/IMG_8592-1-scaled-1-1024x375.jpg 1024w, https:\/\/goodviennatours.eu\/wp-content\/uploads\/2025\/04\/IMG_8592-1-scaled-1-768x281.jpg 768w, https:\/\/goodviennatours.eu\/wp-content\/uploads\/2025\/04\/IMG_8592-1-scaled-1-1536x562.jpg 1536w, https:\/\/goodviennatours.eu\/wp-content\/uploads\/2025\/04\/IMG_8592-1-scaled-1-1229x450.jpg 1229w\" sizes=\"auto, (max-width: 2048px) 100vw, 2048px\" \/>\t\t\t\t\t\t\t\t\t\t\t\t\t\t\t<\/div>\n\t\t\t\t<\/div>\n\t\t\t\t\t<\/div>\n\t\t<\/div>\n\t\t\t\t\t<\/div>\n\t\t<\/section>\n\t\t\t\t<section class=\"elementor-section elementor-top-section elementor-element elementor-element-043e535 elementor-section-boxed elementor-section-height-default elementor-section-height-default\" data-id=\"043e535\" data-element_type=\"section\" data-e-type=\"section\" data-settings=\"{&quot;jet_parallax_layout_list&quot;:[]}\">\n\t\t\t\t\t\t<div class=\"elementor-container elementor-column-gap-default\">\n\t\t\t\t\t<div class=\"elementor-column elementor-col-100 elementor-top-column elementor-element elementor-element-ff34e07\" data-id=\"ff34e07\" data-element_type=\"column\" data-e-type=\"column\">\n\t\t\t<div class=\"elementor-widget-wrap elementor-element-populated\">\n\t\t\t\t\t\t<div class=\"elementor-element elementor-element-299a6fa elementor-widget elementor-widget-text-editor\" data-id=\"299a6fa\" data-element_type=\"widget\" data-e-type=\"widget\" data-widget_type=\"text-editor.default\">\n\t\t\t\t<div class=\"elementor-widget-container\">\n\t\t\t\t\t\t\t\t\t<p>\u00a0<\/p><p><strong style=\"font-size: 30px;\">\ud83c\udfdb\ufe0f Was Sie sehen werden<\/strong><br \/><span style=\"font-size: 20px; display: block; margin-left: 52px;\"><br \/>Ausgehend vom Albrechtsbrunnen am Albertinaplatz spazieren Sie an einigen der wichtigsten Sehensw\u00fcrdigkeiten der Stadt Wien vorbei. Von der Oper bis zur Hofburg, vom \u00e4ltesten Kaffeehaus bis zum Stephansdom f\u00fchren wir Sie durch die Geschichte, Anekdoten und die ber\u00fchmten Pers\u00f6nlichkeiten, die Wien zu einer internationalen Kulturhauptstadt gemacht haben.<br \/><\/span><\/p><p>\u00a0<\/p><p><strong style=\"font-size: 30px;\">\ud83d\udd52 Dauer<\/strong><br \/><span style=\"font-size: 20px; display: block; margin-left: 52px;\">2 Stunden 30 Minuten<\/span><\/p><p>\u00a0<\/p><p><strong style=\"font-size: 30px;\">\ud83d\udc65 Teilnehmerbegrenzung<\/strong><br \/><span style=\"font-size: 20px; display: block; margin-left: 52px;\"><br \/>Maximal <strong>35 G\u00e4ste<\/strong> pro F\u00fchrung.<br \/>Maximal sechs Personen pro Buchung; Gruppenbuchungen f\u00fcr mehrere Personen werden nicht akzeptiert.<br \/><\/span><\/p><p>\u00a0<\/p><p><strong style=\"font-size: 30px;\">\ud83d\udccd Google Maps<\/strong><span style=\"font-size: 20px; display: block; margin-left: 52px;\"><a href=\"https:\/\/maps.app.goo.gl\/hygmLw5WmEH8utSg9\" target=\"_blank\" rel=\"noopener\">https:\/\/maps.app.goo.gl\/hygmLw5WmEH8utSg9<\/a><br \/><\/span><\/p><p><strong style=\"font-size: 30px;\">\ud83d\udccd Adresse<\/strong><br \/><span style=\"font-size: 20px; display: block; margin-left: 52px;\">Albertinaplatz 1, 1010 Vienna<\/span><\/p><p><strong style=\"font-size: 30px;\">\ud83d\udccd Wahrzeichen<\/strong><span style=\"font-size: 20px; display: block; margin-left: 52px;\">Neben der Haltestelle des Big Bus und dem Hotdog-Stand mit dem gr\u00fcnen Hasen, gegen\u00fcber der Touristeninformation.<br \/>Halten Sie einfach nach unserem Guide mit dem <strong>GR\u00dcNEN SCHIRM<\/strong> Ausschau!<br \/><\/span><\/p><p>\u00a0<\/p><p><strong style=\"font-size: 30px;\">\ud83d\ude87 Wie man dorthin gelangt<\/strong><br \/><span style=\"font-size: 20px; display: block; margin-left: 52px;\"><br \/><u>Mit der U-Bahn:<\/u> Nehmen Sie die U-Bahn-Linien U1, U2 oder U4 bis zur Station \u201eKarlsplatz\u201c, steigen Sie an der Haltestelle \u201eOper\u201c aus und gehen Sie 5 Minuten bis zum Albertinaplatz \u2013 unser gr\u00fcner Regenschirm wird in Sichtweite sein!<\/span><\/p><p><span style=\"font-size: 20px; display: block; margin-left: 52px;\"><br \/><u>Mit der Stra\u00dfenbahn:<\/u> Linien 1, 2, 0, D oder 71 bis zur Haltestelle \u201eK\u00e4rtner Ring\/Oper\u201c. Von dort sind es nur 5 Gehminuten bis zum Albertinaplatz.<\/span><\/p><p>\u00a0<\/p><p><strong style=\"font-size: 30px;\">\u23f0 Wichtig<\/strong><br \/><span style=\"font-size: 20px; display: block; margin-left: 52px;\"><br \/>Bitte kommen Sie <strong>10\u201315 Minuten<\/strong> vor Beginn der F\u00fchrung.<br \/>Bei unseren kostenlosen F\u00fchrungen verfallen Reservierungen 5 Minuten vor Beginn der F\u00fchrung und die Pl\u00e4tze k\u00f6nnen an G\u00e4ste auf der Warteliste vergeben werden.<br \/><\/span><\/p><p>\u00a0<\/p><p><strong style=\"font-size: 30px;\">\ud83d\udc5f N\u00fctzliche Tipps<\/strong><span style=\"font-size: 20px; display: block; margin-left: 52px;\"><br \/>Unsere Touren beinhalten Spazierg\u00e4nge, tragen Sie daher bitte bequeme Schuhe. Schauen Sie sich die Wettervorhersage an und kleiden Sie sich entsprechend!<br \/>Das Wetter in Wien kann sich schnell \u00e4ndern, daher kann eine leichte Regenjacke oder ein Regenschirm n\u00fctzlich sein.<br \/>Achten Sie darauf, ausreichend zu trinken, und nehmen Sie eine Flasche Wasser mit, besonders in den w\u00e4rmeren Monaten.<br \/>Wenn Sie Fragen haben, k\u00f6nnen Sie uns gerne unter <a href=\"\u201emailto:info@goodviennatours.eu\u201c\">info@goodviennatours.eu<\/a> kontaktieren.<br \/><\/span><\/p><p>\u00a0<\/p><h3><strong>Wir freuen uns darauf, Wien mit Ihnen zu erkunden!<\/strong><\/h3>\t\t\t\t\t\t\t\t<\/div>\n\t\t\t\t<\/div>\n\t\t\t\t\t<\/div>\n\t\t<\/div>\n\t\t\t\t\t<\/div>\n\t\t<\/section>\n\t\t\t\t<\/div>\n\t\t","protected":false},"excerpt":{"rendered":"<p>Unsere Free Tour auf Deutsch erleben<\/p>\n","protected":false},"author":2,"featured_media":0,"parent":0,"menu_order":0,"comment_status":"closed","ping_status":"closed","template":"elementor_header_footer","meta":{"inline_featured_image":false,"_monsterinsights_skip_tracking":false,"_monsterinsights_sitenote_active":false,"_monsterinsights_sitenote_note":"","_monsterinsights_sitenote_category":0,"footnotes":""},"class_list":["post-14149","page","type-page","status-publish","hentry"],"_links":{"self":[{"href":"https:\/\/goodviennatours.eu\/de\/wp-json\/wp\/v2\/pages\/14149","targetHints":{"allow":["GET"]}}],"collection":[{"href":"https:\/\/goodviennatours.eu\/de\/wp-json\/wp\/v2\/pages"}],"about":[{"href":"https:\/\/goodviennatours.eu\/de\/wp-json\/wp\/v2\/types\/page"}],"author":[{"embeddable":true,"href":"https:\/\/goodviennatours.eu\/de\/wp-json\/wp\/v2\/users\/2"}],"replies":[{"embeddable":true,"href":"https:\/\/goodviennatours.eu\/de\/wp-json\/wp\/v2\/comments?post=14149"}],"version-history":[{"count":14,"href":"https:\/\/goodviennatours.eu\/de\/wp-json\/wp\/v2\/pages\/14149\/revisions"}],"predecessor-version":[{"id":18534,"href":"https:\/\/goodviennatours.eu\/de\/wp-json\/wp\/v2\/pages\/14149\/revisions\/18534"}],"wp:attachment":[{"href":"https:\/\/goodviennatours.eu\/de\/wp-json\/wp\/v2\/media?parent=14149"}],"curies":[{"name":"wp","href":"https:\/\/api.w.org\/{rel}","templated":true}]}}