{"id":614,"date":"2020-11-18T09:59:41","date_gmt":"2020-11-18T07:59:41","guid":{"rendered":"https:\/\/demo2wpopal.b-cdn.net\/triply\/?page_id=614"},"modified":"2023-03-15T13:13:47","modified_gmt":"2023-03-15T11:13:47","slug":"ueber-uns","status":"publish","type":"page","link":"https:\/\/goodviennatours.eu\/de\/ueber-uns\/","title":{"rendered":"Ueber Uns"},"content":{"rendered":"\t\t<div data-elementor-type=\"wp-page\" data-elementor-id=\"614\" class=\"elementor elementor-614\" data-elementor-post-type=\"page\">\n\t\t\t\t\t\t<section class=\"elementor-section elementor-top-section elementor-element elementor-element-91bbcdb elementor-section-full_width elementor-section-height-min-height elementor-section-stretched elementor-section-height-default elementor-section-items-middle\" data-id=\"91bbcdb\" data-element_type=\"section\" data-e-type=\"section\" data-settings=\"{&quot;stretch_section&quot;:&quot;section-stretched&quot;,&quot;background_background&quot;:&quot;classic&quot;,&quot;jet_parallax_layout_list&quot;:[]}\">\n\t\t\t\t\t\t<div class=\"elementor-container elementor-column-gap-no\">\n\t\t\t\t\t<div class=\"elementor-column elementor-col-33 elementor-top-column elementor-element elementor-element-22b8442f m-header__info\" data-id=\"22b8442f\" data-element_type=\"column\" data-e-type=\"column\">\n\t\t\t<div class=\"elementor-widget-wrap elementor-element-populated\">\n\t\t\t\t\t\t<div class=\"elementor-element elementor-element-755bf003 elementor-widget__width-initial elementor-widget-tablet__width-initial animated-fast elementor-invisible elementor-widget elementor-widget-heading\" data-id=\"755bf003\" data-element_type=\"widget\" data-e-type=\"widget\" data-settings=\"{&quot;_animation&quot;:&quot;opal-move-right&quot;,&quot;_animation_mobile&quot;:&quot;opal-move-up&quot;}\" data-widget_type=\"heading.default\">\n\t\t\t\t<div class=\"elementor-widget-container\">\n\t\t\t\t\t<h1 class=\"elementor-heading-title elementor-size-default\">\u00dcber uns<\/h1>\t\t\t\t<\/div>\n\t\t\t\t<\/div>\n\t\t\t\t<div class=\"elementor-element elementor-element-036fbbb elementor-widget elementor-widget-global elementor-global-8484 elementor-widget-html\" data-id=\"036fbbb\" data-element_type=\"widget\" data-e-type=\"widget\" data-widget_type=\"html.default\">\n\t\t\t\t<div class=\"elementor-widget-container\">\n\t\t\t\t\t<div id=\"TA_excellent909\" class=\"TA_excellent\"><ul id=\"Ki6JCqmTn\" class=\"TA_links LbjHaDWvh\"><li id=\"amnSpC\" class=\"4KV5oPOWPK\"><a target=\"_blank\" href=\"https:\/\/www.tripadvisor.com\/Attraction_Review-g190454-d10206417-Reviews-Good_Vienna_Tours-Vienna.html\" rel=\"noopener\"><\/a><\/li><\/ul><\/div><script async src=\"https:\/\/www.jscache.com\/wejs?wtype=excellent&uniq=909&locationId=10206417&lang=en_US&display_version=2\" data-loadtrk onload=\"this.loadtrk=true\"><\/script>\t\t\t\t<\/div>\n\t\t\t\t<\/div>\n\t\t\t\t\t<\/div>\n\t\t<\/div>\n\t\t\t\t<div class=\"elementor-column elementor-col-66 elementor-top-column elementor-element elementor-element-2c63ef97\" data-id=\"2c63ef97\" data-element_type=\"column\" data-e-type=\"column\">\n\t\t\t<div class=\"elementor-widget-wrap elementor-element-populated\">\n\t\t\t\t\t\t<div class=\"elementor-element elementor-element-3d51f5ae elementor-widget elementor-widget-image\" data-id=\"3d51f5ae\" data-element_type=\"widget\" data-e-type=\"widget\" data-widget_type=\"image.default\">\n\t\t\t\t<div class=\"elementor-widget-container\">\n\t\t\t\t\t\t\t\t\t\t\t\t\t\t\t<img loading=\"lazy\" decoding=\"async\" loading=\"lazy\" width=\"980\" height=\"784\" src=\"https:\/\/goodviennatours.eu\/wp-content\/uploads\/2021\/06\/Guides-Collage-1024x819.jpg\" class=\"attachment-large size-large wp-image-9927\" alt=\"\" srcset=\"https:\/\/goodviennatours.eu\/wp-content\/uploads\/2021\/06\/Guides-Collage-1024x819.jpg 1024w, https:\/\/goodviennatours.eu\/wp-content\/uploads\/2021\/06\/Guides-Collage-300x240.jpg 300w, https:\/\/goodviennatours.eu\/wp-content\/uploads\/2021\/06\/Guides-Collage-768x614.jpg 768w, https:\/\/goodviennatours.eu\/wp-content\/uploads\/2021\/06\/Guides-Collage-563x450.jpg 563w, https:\/\/goodviennatours.eu\/wp-content\/uploads\/2021\/06\/Guides-Collage.jpg 1400w\" sizes=\"auto, (max-width: 980px) 100vw, 980px\" \/>\t\t\t\t\t\t\t\t\t\t\t\t\t\t\t<\/div>\n\t\t\t\t<\/div>\n\t\t\t\t\t<\/div>\n\t\t<\/div>\n\t\t\t\t\t<\/div>\n\t\t<\/section>\n\t\t\t\t<section class=\"elementor-section elementor-top-section elementor-element elementor-element-aee5913 elementor-section-content-middle elementor-section-stretched elementor-section-boxed elementor-section-height-default elementor-section-height-default\" data-id=\"aee5913\" data-element_type=\"section\" data-e-type=\"section\" data-settings=\"{&quot;background_background&quot;:&quot;classic&quot;,&quot;stretch_section&quot;:&quot;section-stretched&quot;,&quot;jet_parallax_layout_list&quot;:[]}\">\n\t\t\t\t\t\t\t<div class=\"elementor-background-overlay\"><\/div>\n\t\t\t\t\t\t\t<div class=\"elementor-container elementor-column-gap-wider\">\n\t\t\t\t\t<div class=\"elementor-column elementor-col-50 elementor-top-column elementor-element elementor-element-208b2bf\" data-id=\"208b2bf\" data-element_type=\"column\" data-e-type=\"column\" data-settings=\"{&quot;background_background&quot;:&quot;classic&quot;}\">\n\t\t\t<div class=\"elementor-widget-wrap elementor-element-populated\">\n\t\t\t\t\t\t<div class=\"elementor-element elementor-element-3dfbddc elementor-widget elementor-widget-heading\" data-id=\"3dfbddc\" data-element_type=\"widget\" data-e-type=\"widget\" data-widget_type=\"heading.default\">\n\t\t\t\t<div class=\"elementor-widget-container\">\n\t\t\t\t\t<h2 class=\"elementor-heading-title elementor-size-default\">\u00dcber Good Vienna Tours:<\/h2>\t\t\t\t<\/div>\n\t\t\t\t<\/div>\n\t\t\t\t<div class=\"elementor-element elementor-element-f341c66 elementor-widget elementor-widget-text-editor\" data-id=\"f341c66\" data-element_type=\"widget\" data-e-type=\"widget\" data-widget_type=\"text-editor.default\">\n\t\t\t\t<div class=\"elementor-widget-container\">\n\t\t\t\t\t\t\t\t\t<p>Willkommen bei Good Vienna Tours, dem am meisten und am besten bewerteten Anbieter von kostenlosen Stadtrundg\u00e4ngen in Wien. Mit einer Bewertung von 4,9 auf Google sind wir stolz darauf, unseren G\u00e4sten au\u00dfergew\u00f6hnliche Erlebnisse zu bieten, die sie begeistern und um viele Erfahrungen reicher machen.<\/p><p>Als Unternehmen sind wir seit \u00fcber acht Jahren auf dem Markt und arbeiten heute mit mehr als 50 lizenzierten Fremdenf\u00fchrern zusammen. Wir glauben, dass Fremdenf\u00fchrer nicht nur ein Job , sondern eine Berufung ist, und deshalb arbeiten wir nur mit den besten Guides der Branche zusammen.<\/p><p>Unsere Fremdenf\u00fchrer sind nicht nur lizenziert, sondern auch Experten auf ihrem Gebiet, die sich f\u00fcr die reiche Geschichte und Kultur von Wien begeistern. Sie durchlaufen ein strenges Trainingsprogramm, das einige Jahre und drei schwierige staatliche Pr\u00fcfungen erfordert, um die Lizenz zu erhalten. Dadurch wird sichergestellt, dass unsere G\u00e4ste ein unvergessliches Tourerlebnis mit sachkundigen und enthusiastischen Guides erhalten.<\/p><p>Good Vienna Tours bietet an 363 Tagen im Jahr <strong><a href=\"https:\/\/goodviennatours.eu\/de\/free-tour-deutsch\/\">kostenlose Stadtrundg\u00e4nge auf Deutsch<\/a><\/strong>, Englisch und Spanisch an. Unsere kostenlosen Stadtf\u00fchrungen f\u00fchren zu den wichtigsten historischen Sehensw\u00fcrdigkeiten Wiens und bieten einen umfassenden \u00dcberblick \u00fcber die reiche Geschichte und Kultur der Stadt.<\/p><p>Zus\u00e4tzlich zu unseren kostenlosen F\u00fchrungen bieten wir auch kostenpflichtige F\u00fchrungen an, die ein ausf\u00fchrlicheres und individuelleres Erlebnis bieten. Unsere beliebteste kostenpflichtige Tour ist die <strong><a href=\"https:\/\/goodviennatours.eu\/de\/schloss-schoenbrunn-fuehrung-tickets\/\">&#8220;Skip-the-line&#8221;-Tour im Schloss Sch\u00f6nbrunn<\/a><\/strong>, der wichtigsten Touristenattraktion des Landes. Unsere erfahrenen Fremdenf\u00fchrer f\u00fchren Sie durch die pr\u00e4chtigen S\u00e4le des Schlosses und erz\u00e4hlen Ihnen faszinierende Geschichten \u00fcber die Habsburger-Dynastie, die dieses Schloss einst ihr Zuhause nannte.<\/p><p>F\u00fcr diejenigen, die sich f\u00fcr die dunklere Geschichte Wiens interessieren, bieten wir die <strong><a href=\"https:\/\/goodviennatours.eu\/de\/hitlers-vienna\/\">Hitler&#8217;s Vienna Tour<\/a><\/strong> (momentan nur auf Englisch) an. Diese einf\u00fchlsame und hochgelobte Tour f\u00fchrt Sie durch die Stra\u00dfen der Stadt und erkundet die Wurzeln eines der schlimmsten Kriegsverbrecher der Geschichte.<\/p><p>Unser neuester Hit ist die <strong><a href=\"https:\/\/goodviennatours.eu\/de\/die-geheimnisvolle-kaiserin-auf-sisis-spuren-in-wien\/\">Kaiserin-Sisi-Tour<\/a><\/strong>, inspiriert von der neuen Netflix-Serie und nat\u00fcrlich von den einmaligen Romy Schneider Filmen. Diese Tour nimmt Sie mit auf eine Reise durch das Leben einer der faszinierendsten und r\u00e4tselhaftesten Figuren der europ\u00e4ischen Geschichte, Kaiserin Sisi. Sie werden von ihren K\u00e4mpfen, Triumphen und Geheimnissen erfahren und entdecken, warum sie auch heute noch die Fantasie der Menschen fesselt.<\/p><p>Wir von Good Vienna Tours sind bestrebt, unseren G\u00e4sten ein unvergessliches Erlebnis zu bieten. Wir glauben, dass jeder Reisende die Chance verdient, Wiens reiche Geschichte und Kultur zu erkunden, und wir setzen uns leidenschaftlich daf\u00fcr ein, dies zu erm\u00f6glichen. Nehmen Sie an einer unserer kostenlosen oder kostenpflichtigen Touren teil und lassen Sie sich von uns das Beste von Wien zeigen.<\/p>\t\t\t\t\t\t\t\t<\/div>\n\t\t\t\t<\/div>\n\t\t\t\t\t<\/div>\n\t\t<\/div>\n\t\t\t\t<div class=\"elementor-column elementor-col-50 elementor-top-column elementor-element elementor-element-1034f91\" data-id=\"1034f91\" data-element_type=\"column\" data-e-type=\"column\" data-settings=\"{&quot;background_background&quot;:&quot;classic&quot;}\">\n\t\t\t<div class=\"elementor-widget-wrap elementor-element-populated\">\n\t\t\t\t\t\t<div class=\"elementor-element elementor-element-2ab0573 elementor-align-center elementor-mobile-align-center animated-fast elementor-invisible elementor-widget elementor-widget-button\" data-id=\"2ab0573\" data-element_type=\"widget\" data-e-type=\"widget\" data-settings=\"{&quot;_animation&quot;:&quot;opal-move-up&quot;,&quot;_animation_mobile&quot;:&quot;opal-move-up&quot;}\" data-widget_type=\"button.default\">\n\t\t\t\t<div class=\"elementor-widget-container\">\n\t\t\t\t\t\t\t\t\t<div class=\"elementor-button-wrapper\">\n\t\t\t\t\t<a class=\"elementor-button elementor-button-link elementor-size-lg\" href=\"https:\/\/www.tripadvisor.com\/Attraction_Review-g190454-d10206417-Reviews-Good_Vienna_Tours-Vienna.html\" id=\"m-btn__dark\" target=\"_blank\" rel=\"noopener\">\n\t\t\t\t\t\t<span class=\"elementor-button-content-wrapper\">\n\t\t\t\t\t\t<span class=\"elementor-button-icon\">\n\t\t\t\t<svg aria-hidden=\"true\" class=\"e-font-icon-svg e-fab-tripadvisor\" viewBox=\"0 0 576 512\" xmlns=\"http:\/\/www.w3.org\/2000\/svg\"><path d=\"M528.91,178.82,576,127.58H471.66a326.11,326.11,0,0,0-367,0H0l47.09,51.24A143.911,143.911,0,0,0,241.86,390.73L288,440.93l46.11-50.17A143.94,143.94,0,0,0,575.88,285.18h-.03A143.56,143.56,0,0,0,528.91,178.82ZM144.06,382.57a97.39,97.39,0,1,1,97.39-97.39A97.39,97.39,0,0,1,144.06,382.57ZM288,282.37c0-64.09-46.62-119.08-108.09-142.59a281,281,0,0,1,216.17,0C334.61,163.3,288,218.29,288,282.37Zm143.88,100.2h-.01a97.405,97.405,0,1,1,.01,0ZM144.06,234.12h-.01a51.06,51.06,0,1,0,51.06,51.06v-.11A51,51,0,0,0,144.06,234.12Zm287.82,0a51.06,51.06,0,1,0,51.06,51.06A51.06,51.06,0,0,0,431.88,234.12Z\"><\/path><\/svg>\t\t\t<\/span>\n\t\t\t\t\t\t\t\t\t<span class=\"elementor-button-text\">Entdecken Sie mehr<\/span>\n\t\t\t\t\t<\/span>\n\t\t\t\t\t<\/a>\n\t\t\t\t<\/div>\n\t\t\t\t\t\t\t\t<\/div>\n\t\t\t\t<\/div>\n\t\t\t\t\t<\/div>\n\t\t<\/div>\n\t\t\t\t\t<\/div>\n\t\t<\/section>\n\t\t\t\t<section class=\"elementor-section elementor-top-section elementor-element elementor-element-1c6a14f elementor-section-stretched elementor-section-boxed elementor-section-height-default elementor-section-height-default\" data-id=\"1c6a14f\" data-element_type=\"section\" data-e-type=\"section\" data-settings=\"{&quot;stretch_section&quot;:&quot;section-stretched&quot;,&quot;background_background&quot;:&quot;classic&quot;,&quot;jet_parallax_layout_list&quot;:[]}\">\n\t\t\t\t\t\t<div class=\"elementor-container elementor-column-gap-default\">\n\t\t\t\t\t<div class=\"elementor-column elementor-col-50 elementor-top-column elementor-element elementor-element-45af927\" data-id=\"45af927\" data-element_type=\"column\" data-e-type=\"column\">\n\t\t\t<div class=\"elementor-widget-wrap elementor-element-populated\">\n\t\t\t\t\t\t<div class=\"elementor-element elementor-element-6374ce1 elementor-hidden-phone elementor-widget elementor-widget-spacer\" data-id=\"6374ce1\" data-element_type=\"widget\" data-e-type=\"widget\" data-widget_type=\"spacer.default\">\n\t\t\t\t<div class=\"elementor-widget-container\">\n\t\t\t\t\t\t\t<div class=\"elementor-spacer\">\n\t\t\t<div class=\"elementor-spacer-inner\"><\/div>\n\t\t<\/div>\n\t\t\t\t\t\t<\/div>\n\t\t\t\t<\/div>\n\t\t\t\t<div class=\"elementor-element elementor-element-2f7665c elementor-widget elementor-widget-image\" data-id=\"2f7665c\" data-element_type=\"widget\" data-e-type=\"widget\" data-widget_type=\"image.default\">\n\t\t\t\t<div class=\"elementor-widget-container\">\n\t\t\t\t\t\t\t\t\t\t\t\t\t\t\t<img loading=\"lazy\" decoding=\"async\" loading=\"lazy\" width=\"1225\" height=\"825\" src=\"https:\/\/goodviennatours.eu\/wp-content\/uploads\/2021\/05\/web-rathaus1-1.jpg\" class=\"attachment-full size-full wp-image-8101\" alt=\"Rathaus\" srcset=\"https:\/\/goodviennatours.eu\/wp-content\/uploads\/2021\/05\/web-rathaus1-1.jpg 1225w, https:\/\/goodviennatours.eu\/wp-content\/uploads\/2021\/05\/web-rathaus1-1-300x202.jpg 300w, https:\/\/goodviennatours.eu\/wp-content\/uploads\/2021\/05\/web-rathaus1-1-1024x690.jpg 1024w, https:\/\/goodviennatours.eu\/wp-content\/uploads\/2021\/05\/web-rathaus1-1-768x517.jpg 768w, https:\/\/goodviennatours.eu\/wp-content\/uploads\/2021\/05\/web-rathaus1-1-668x450.jpg 668w\" sizes=\"auto, (max-width: 1225px) 100vw, 1225px\" \/>\t\t\t\t\t\t\t\t\t\t\t\t\t\t\t<\/div>\n\t\t\t\t<\/div>\n\t\t\t\t\t<\/div>\n\t\t<\/div>\n\t\t\t\t<div class=\"elementor-column elementor-col-50 elementor-top-column elementor-element elementor-element-ae83312\" data-id=\"ae83312\" data-element_type=\"column\" data-e-type=\"column\">\n\t\t\t<div class=\"elementor-widget-wrap elementor-element-populated\">\n\t\t\t\t\t\t<div class=\"elementor-element elementor-element-ddb341e elementor-hidden-phone elementor-widget elementor-widget-spacer\" data-id=\"ddb341e\" data-element_type=\"widget\" data-e-type=\"widget\" data-widget_type=\"spacer.default\">\n\t\t\t\t<div class=\"elementor-widget-container\">\n\t\t\t\t\t\t\t<div class=\"elementor-spacer\">\n\t\t\t<div class=\"elementor-spacer-inner\"><\/div>\n\t\t<\/div>\n\t\t\t\t\t\t<\/div>\n\t\t\t\t<\/div>\n\t\t\t\t<div class=\"elementor-element elementor-element-135df5d animated-fast elementor-invisible elementor-widget elementor-widget-heading\" data-id=\"135df5d\" data-element_type=\"widget\" data-e-type=\"widget\" data-settings=\"{&quot;_animation&quot;:&quot;opal-move-up&quot;}\" data-widget_type=\"heading.default\">\n\t\t\t\t<div class=\"elementor-widget-container\">\n\t\t\t\t\t<h2 class=\"elementor-heading-title elementor-size-default\">Genie\u00dfen Sie Ihre Reise nach Wien mit den bestm\u00f6glichen Guides<\/h2>\t\t\t\t<\/div>\n\t\t\t\t<\/div>\n\t\t\t\t\t<\/div>\n\t\t<\/div>\n\t\t\t\t\t<\/div>\n\t\t<\/section>\n\t\t\t\t<section class=\"elementor-section elementor-top-section elementor-element elementor-element-fa5801f elementor-section-stretched m-tours__filter elementor-section-boxed elementor-section-height-default elementor-section-height-default\" data-id=\"fa5801f\" data-element_type=\"section\" data-e-type=\"section\" data-settings=\"{&quot;stretch_section&quot;:&quot;section-stretched&quot;,&quot;background_background&quot;:&quot;classic&quot;,&quot;jet_parallax_layout_list&quot;:[]}\">\n\t\t\t\t\t\t<div class=\"elementor-container elementor-column-gap-default\">\n\t\t\t\t\t<div class=\"elementor-column elementor-col-100 elementor-top-column elementor-element elementor-element-60d641d\" data-id=\"60d641d\" data-element_type=\"column\" data-e-type=\"column\">\n\t\t\t<div class=\"elementor-widget-wrap elementor-element-populated\">\n\t\t\t\t\t\t<div class=\"elementor-element elementor-element-7c4f521 m-headline elementor-widget elementor-widget-heading\" data-id=\"7c4f521\" data-element_type=\"widget\" data-e-type=\"widget\" data-widget_type=\"heading.default\">\n\t\t\t\t<div class=\"elementor-widget-container\">\n\t\t\t\t\t<h2 class=\"elementor-heading-title elementor-size-default\">Unsere anderen Touren<\/h2>\t\t\t\t<\/div>\n\t\t\t\t<\/div>\n\t\t\t\t\t<\/div>\n\t\t<\/div>\n\t\t\t\t\t<\/div>\n\t\t<\/section>\n\t\t\t\t<section class=\"elementor-section elementor-top-section elementor-element elementor-element-afa85cc elementor-section-stretched elementor-section-boxed elementor-section-height-default elementor-section-height-default\" data-id=\"afa85cc\" data-element_type=\"section\" data-e-type=\"section\" data-settings=\"{&quot;stretch_section&quot;:&quot;section-stretched&quot;,&quot;background_background&quot;:&quot;classic&quot;,&quot;jet_parallax_layout_list&quot;:[]}\">\n\t\t\t\t\t\t<div class=\"elementor-container elementor-column-gap-default\">\n\t\t\t\t\t<div class=\"elementor-column elementor-col-100 elementor-top-column elementor-element elementor-element-df05f0c\" data-id=\"df05f0c\" data-element_type=\"column\" data-e-type=\"column\">\n\t\t\t<div class=\"elementor-widget-wrap elementor-element-populated\">\n\t\t\t\t\t\t<div class=\"elementor-element elementor-element-886e1e5 elementor-align-right elementor-mobile-align-center animated-fast elementor-widget elementor-widget-button\" data-id=\"886e1e5\" data-element_type=\"widget\" data-e-type=\"widget\" data-settings=\"{&quot;_animation&quot;:&quot;none&quot;,&quot;_animation_mobile&quot;:&quot;opal-move-up&quot;}\" data-widget_type=\"button.default\">\n\t\t\t\t<div class=\"elementor-widget-container\">\n\t\t\t\t\t\t\t\t\t<div class=\"elementor-button-wrapper\">\n\t\t\t\t\t<a class=\"elementor-button elementor-button-link elementor-size-lg\" href=\"\/de\/our-tours\/\" id=\"m-btn__dark\">\n\t\t\t\t\t\t<span class=\"elementor-button-content-wrapper\">\n\t\t\t\t\t\t<span class=\"elementor-button-icon\">\n\t\t\t\t<i aria-hidden=\"true\" class=\"triply-icon- triply-icon-long-arrow-right\"><\/i>\t\t\t<\/span>\n\t\t\t\t\t\t\t\t\t<span class=\"elementor-button-text\">Mehr Touren<\/span>\n\t\t\t\t\t<\/span>\n\t\t\t\t\t<\/a>\n\t\t\t\t<\/div>\n\t\t\t\t\t\t\t\t<\/div>\n\t\t\t\t<\/div>\n\t\t\t\t\t<\/div>\n\t\t<\/div>\n\t\t\t\t\t<\/div>\n\t\t<\/section>\n\t\t\t\t<\/div>\n\t\t","protected":false},"excerpt":{"rendered":"<p>\u00dcber uns \u00dcber Good Vienna Tours: Willkommen bei Good Vienna Tours, dem am meisten und am besten bewerteten Anbieter von kostenlosen Stadtrundg\u00e4ngen in Wien. Mit einer Bewertung von 4,9 auf Google sind wir stolz darauf, unseren G\u00e4sten au\u00dfergew\u00f6hnliche Erlebnisse zu bieten, die sie begeistern und um viele Erfahrungen reicher machen. Als Unternehmen sind wir seit [&hellip;]<\/p>\n","protected":false},"author":1,"featured_media":0,"parent":0,"menu_order":0,"comment_status":"closed","ping_status":"closed","template":"","meta":{"inline_featured_image":false,"_monsterinsights_skip_tracking":false,"_monsterinsights_sitenote_active":false,"_monsterinsights_sitenote_note":"","_monsterinsights_sitenote_category":0,"footnotes":""},"class_list":["post-614","page","type-page","status-publish","hentry"],"_links":{"self":[{"href":"https:\/\/goodviennatours.eu\/de\/wp-json\/wp\/v2\/pages\/614","targetHints":{"allow":["GET"]}}],"collection":[{"href":"https:\/\/goodviennatours.eu\/de\/wp-json\/wp\/v2\/pages"}],"about":[{"href":"https:\/\/goodviennatours.eu\/de\/wp-json\/wp\/v2\/types\/page"}],"author":[{"embeddable":true,"href":"https:\/\/goodviennatours.eu\/de\/wp-json\/wp\/v2\/users\/1"}],"replies":[{"embeddable":true,"href":"https:\/\/goodviennatours.eu\/de\/wp-json\/wp\/v2\/comments?post=614"}],"version-history":[{"count":12,"href":"https:\/\/goodviennatours.eu\/de\/wp-json\/wp\/v2\/pages\/614\/revisions"}],"predecessor-version":[{"id":16359,"href":"https:\/\/goodviennatours.eu\/de\/wp-json\/wp\/v2\/pages\/614\/revisions\/16359"}],"wp:attachment":[{"href":"https:\/\/goodviennatours.eu\/de\/wp-json\/wp\/v2\/media?parent=614"}],"curies":[{"name":"wp","href":"https:\/\/api.w.org\/{rel}","templated":true}]}}