{"id":14237,"date":"2022-02-22T14:55:39","date_gmt":"2022-02-22T12:55:39","guid":{"rendered":"https:\/\/goodviennatours.eu\/?page_id=14237"},"modified":"2025-08-11T18:07:07","modified_gmt":"2025-08-11T16:07:07","slug":"free-tour-espanol","status":"publish","type":"page","link":"https:\/\/goodviennatours.eu\/es\/free-tour-espanol\/","title":{"rendered":"Free Tour Espanol"},"content":{"rendered":"\t\t<div data-elementor-type=\"wp-page\" data-elementor-id=\"14237\" class=\"elementor elementor-14237\" data-elementor-post-type=\"page\">\n\t\t\t\t\t\t<section class=\"elementor-section elementor-top-section elementor-element elementor-element-47f5df6 elementor-section-full_width elementor-section-height-min-height elementor-section-stretched elementor-section-height-default elementor-section-items-middle\" data-id=\"47f5df6\" data-element_type=\"section\" data-e-type=\"section\" data-settings=\"{&quot;stretch_section&quot;:&quot;section-stretched&quot;,&quot;background_background&quot;:&quot;classic&quot;,&quot;jet_parallax_layout_list&quot;:[]}\">\n\t\t\t\t\t\t<div class=\"elementor-container elementor-column-gap-no\">\n\t\t\t\t\t<div class=\"elementor-column elementor-col-33 elementor-top-column elementor-element elementor-element-3ad0a1f m-header__info\" data-id=\"3ad0a1f\" data-element_type=\"column\" data-e-type=\"column\">\n\t\t\t<div class=\"elementor-widget-wrap elementor-element-populated\">\n\t\t\t\t\t\t<div class=\"elementor-element elementor-element-bcd2678 elementor-widget__width-initial elementor-widget-tablet__width-initial animated-fast elementor-invisible elementor-widget elementor-widget-heading\" data-id=\"bcd2678\" data-element_type=\"widget\" data-e-type=\"widget\" data-settings=\"{&quot;_animation&quot;:&quot;opal-move-right&quot;,&quot;_animation_mobile&quot;:&quot;opal-move-up&quot;}\" data-widget_type=\"heading.default\">\n\t\t\t\t<div class=\"elementor-widget-container\">\n\t\t\t\t\t<h1 class=\"elementor-heading-title elementor-size-default\">Visita a pie<br>gratuita<\/h1>\t\t\t\t<\/div>\n\t\t\t\t<\/div>\n\t\t\t\t<div class=\"elementor-element elementor-element-e7bf90c elementor-widget__width-initial elementor-widget elementor-widget-html\" data-id=\"e7bf90c\" data-element_type=\"widget\" data-e-type=\"widget\" data-widget_type=\"html.default\">\n\t\t\t\t<div class=\"elementor-widget-container\">\n\t\t\t\t\t<div id=\"TA_excellent909\" class=\"TA_excellent\"><ul id=\"Ki6JCqmTn\" class=\"TA_links LbjHaDWvh\"><li id=\"amnSpC\" class=\"4KV5oPOWPK\"><a target=\"_blank\" href=\"https:\/\/www.tripadvisor.com\/Attraction_Review-g190454-d10206417-Reviews-Good_Vienna_Tours-Vienna.html\" rel=\"noopener\"><\/a><\/li><\/ul><\/div><script async src=\"https:\/\/www.jscache.com\/wejs?wtype=excellent&uniq=909&locationId=10206417&lang=en_US&display_version=2\" data-loadtrk onload=\"this.loadtrk=true\"><\/script>\t\t\t\t<\/div>\n\t\t\t\t<\/div>\n\t\t\t\t\t<\/div>\n\t\t<\/div>\n\t\t\t\t<div class=\"elementor-column elementor-col-66 elementor-top-column elementor-element elementor-element-cca6a92 elementor-hidden-tablet elementor-hidden-mobile\" data-id=\"cca6a92\" data-element_type=\"column\" data-e-type=\"column\">\n\t\t\t<div class=\"elementor-widget-wrap elementor-element-populated\">\n\t\t\t\t\t\t<div class=\"elementor-element elementor-element-c6568bd elementor-hidden-tablet elementor-hidden-mobile elementor-widget elementor-widget-image\" data-id=\"c6568bd\" data-element_type=\"widget\" data-e-type=\"widget\" data-widget_type=\"image.default\">\n\t\t\t\t<div class=\"elementor-widget-container\">\n\t\t\t\t\t\t\t\t\t\t\t\t\t\t\t<img loading=\"lazy\" decoding=\"async\" loading=\"lazy\" width=\"2048\" height=\"750\" src=\"https:\/\/goodviennatours.eu\/wp-content\/uploads\/2025\/04\/IMG_8592-1-scaled-1-2048x750.jpg\" class=\"attachment-2048x2048 size-2048x2048 wp-image-18529\" alt=\"\" srcset=\"https:\/\/goodviennatours.eu\/wp-content\/uploads\/2025\/04\/IMG_8592-1-scaled-1-2048x750.jpg 2048w, https:\/\/goodviennatours.eu\/wp-content\/uploads\/2025\/04\/IMG_8592-1-scaled-1-300x110.jpg 300w, https:\/\/goodviennatours.eu\/wp-content\/uploads\/2025\/04\/IMG_8592-1-scaled-1-1024x375.jpg 1024w, https:\/\/goodviennatours.eu\/wp-content\/uploads\/2025\/04\/IMG_8592-1-scaled-1-768x281.jpg 768w, https:\/\/goodviennatours.eu\/wp-content\/uploads\/2025\/04\/IMG_8592-1-scaled-1-1536x562.jpg 1536w, https:\/\/goodviennatours.eu\/wp-content\/uploads\/2025\/04\/IMG_8592-1-scaled-1-1229x450.jpg 1229w\" sizes=\"auto, (max-width: 2048px) 100vw, 2048px\" \/>\t\t\t\t\t\t\t\t\t\t\t\t\t\t\t<\/div>\n\t\t\t\t<\/div>\n\t\t\t\t\t<\/div>\n\t\t<\/div>\n\t\t\t\t\t<\/div>\n\t\t<\/section>\n\t\t\t\t<section class=\"elementor-section elementor-top-section elementor-element elementor-element-3780b06 elementor-section-boxed elementor-section-height-default elementor-section-height-default\" data-id=\"3780b06\" data-element_type=\"section\" data-e-type=\"section\" data-settings=\"{&quot;jet_parallax_layout_list&quot;:[]}\">\n\t\t\t\t\t\t<div class=\"elementor-container elementor-column-gap-default\">\n\t\t\t\t\t<div class=\"elementor-column elementor-col-100 elementor-top-column elementor-element elementor-element-30be4f4\" data-id=\"30be4f4\" data-element_type=\"column\" data-e-type=\"column\">\n\t\t\t<div class=\"elementor-widget-wrap elementor-element-populated\">\n\t\t\t\t\t\t<div class=\"elementor-element elementor-element-f3b483e elementor-widget elementor-widget-text-editor\" data-id=\"f3b483e\" data-element_type=\"widget\" data-e-type=\"widget\" data-widget_type=\"text-editor.default\">\n\t\t\t\t<div class=\"elementor-widget-container\">\n\t\t\t\t\t\t\t\t\t<p><strong><span lang=\"ES\">Queridos viajeros,<\/span><\/strong><b><u><\/u><u><\/u><\/b><\/p><p><span lang=\"ES\">Queremos informarles que, debido a una reorganizaci\u00f3n interna de nuestra empresa, a partir del\u00a0<strong>1 de agosto de 2025<\/strong>\u00a0dejaremos de ofrecer\u00a0<strong>Free Tours en espa\u00f1ol<\/strong>.<u><\/u><u><\/u><\/span><\/p><p><span lang=\"ES\">Despu\u00e9s de muchos a\u00f1os compartiendo historias y paseos inolvidables por Viena, queremos agradecerles profundamente por haber sido parte de esta aventura con nosotros!<u><\/u><u><\/u><\/span><\/p><p><span lang=\"ES\">Lamentablemente, cancelaremos todas las reservas hechas en espa\u00f1ol a partir de esa fecha.<\/span><\/p><p><a href=\"https:\/\/goodviennatours.eu\/es\/nuestros-tours\/\"><strong>Echa un vistazo a nuestros otros tours (muy asequibles) en espa\u00f1ol aqu\u00ed.<\/strong><\/a><\/p><p><span lang=\"ES\">Gracias por su comprensi\u00f3n y por habernos elegido. Les deseamos lo mejor en su visita a esta hermosa ciudad!<u><\/u><u><\/u><\/span><\/p><p><span lang=\"ES\">Cordialmente,<br \/><b>Equipo de Good Vienna Tours<\/b><\/span><\/p>\t\t\t\t\t\t\t\t<\/div>\n\t\t\t\t<\/div>\n\t\t\t\t\t<\/div>\n\t\t<\/div>\n\t\t\t\t\t<\/div>\n\t\t<\/section>\n\t\t\t\t<\/div>\n\t\t","protected":false},"excerpt":{"rendered":"<p>Visita a piegratuita Queridos viajeros, Queremos informarles que, debido a una reorganizaci\u00f3n interna de nuestra empresa, a partir del\u00a01 de agosto de 2025\u00a0dejaremos de ofrecer\u00a0Free Tours en espa\u00f1ol. Despu\u00e9s de muchos a\u00f1os compartiendo historias y paseos inolvidables por Viena, queremos agradecerles profundamente por haber sido parte de esta aventura con nosotros! Lamentablemente, cancelaremos todas las [&hellip;]<\/p>\n","protected":false},"author":2,"featured_media":0,"parent":0,"menu_order":0,"comment_status":"closed","ping_status":"closed","template":"elementor_header_footer","meta":{"inline_featured_image":false,"_monsterinsights_skip_tracking":false,"_monsterinsights_sitenote_active":false,"_monsterinsights_sitenote_note":"","_monsterinsights_sitenote_category":0,"footnotes":""},"class_list":["post-14237","page","type-page","status-publish","hentry"],"_links":{"self":[{"href":"https:\/\/goodviennatours.eu\/es\/wp-json\/wp\/v2\/pages\/14237","targetHints":{"allow":["GET"]}}],"collection":[{"href":"https:\/\/goodviennatours.eu\/es\/wp-json\/wp\/v2\/pages"}],"about":[{"href":"https:\/\/goodviennatours.eu\/es\/wp-json\/wp\/v2\/types\/page"}],"author":[{"embeddable":true,"href":"https:\/\/goodviennatours.eu\/es\/wp-json\/wp\/v2\/users\/2"}],"replies":[{"embeddable":true,"href":"https:\/\/goodviennatours.eu\/es\/wp-json\/wp\/v2\/comments?post=14237"}],"version-history":[{"count":20,"href":"https:\/\/goodviennatours.eu\/es\/wp-json\/wp\/v2\/pages\/14237\/revisions"}],"predecessor-version":[{"id":19744,"href":"https:\/\/goodviennatours.eu\/es\/wp-json\/wp\/v2\/pages\/14237\/revisions\/19744"}],"wp:attachment":[{"href":"https:\/\/goodviennatours.eu\/es\/wp-json\/wp\/v2\/media?parent=14237"}],"curies":[{"name":"wp","href":"https:\/\/api.w.org\/{rel}","templated":true}]}}