{"id":19233,"date":"2025-05-09T14:32:37","date_gmt":"2025-05-09T12:32:37","guid":{"rendered":"https:\/\/goodviennatours.eu\/?page_id=19233"},"modified":"2025-05-09T14:35:54","modified_gmt":"2025-05-09T12:35:54","slug":"privacy-policy","status":"publish","type":"page","link":"https:\/\/goodviennatours.eu\/it\/privacy-policy\/","title":{"rendered":"Privacy Policy"},"content":{"rendered":"\t\t<div data-elementor-type=\"wp-page\" data-elementor-id=\"19233\" class=\"elementor elementor-19233 elementor-9391\" data-elementor-post-type=\"page\">\n\t\t\t\t\t\t<section class=\"elementor-section elementor-top-section elementor-element elementor-element-2c520cf8 elementor-section-full_width elementor-section-height-min-height elementor-section-stretched elementor-section-height-default elementor-section-items-middle\" data-id=\"2c520cf8\" data-element_type=\"section\" data-e-type=\"section\" data-settings=\"{&quot;stretch_section&quot;:&quot;section-stretched&quot;,&quot;background_background&quot;:&quot;classic&quot;,&quot;jet_parallax_layout_list&quot;:[]}\">\n\t\t\t\t\t\t<div class=\"elementor-container elementor-column-gap-no\">\n\t\t\t\t\t<div class=\"elementor-column elementor-col-33 elementor-top-column elementor-element elementor-element-2dafb47a m-header__info\" data-id=\"2dafb47a\" data-element_type=\"column\" data-e-type=\"column\">\n\t\t\t<div class=\"elementor-widget-wrap elementor-element-populated\">\n\t\t\t\t\t\t<div class=\"elementor-element elementor-element-7970a13d elementor-widget__width-initial elementor-widget-tablet__width-initial animated-fast m-header__info elementor-invisible elementor-widget elementor-widget-heading\" data-id=\"7970a13d\" data-element_type=\"widget\" data-e-type=\"widget\" data-settings=\"{&quot;_animation&quot;:&quot;opal-move-right&quot;,&quot;_animation_mobile&quot;:&quot;opal-move-up&quot;}\" data-widget_type=\"heading.default\">\n\t\t\t\t<div class=\"elementor-widget-container\">\n\t\t\t\t\t<h1 class=\"elementor-heading-title elementor-size-default\">Informativa sulla privacy<\/h1>\t\t\t\t<\/div>\n\t\t\t\t<\/div>\n\t\t\t\t<div class=\"elementor-element elementor-element-f53cfc3 elementor-widget elementor-widget-global elementor-global-8484 elementor-widget-html\" data-id=\"f53cfc3\" data-element_type=\"widget\" data-e-type=\"widget\" data-widget_type=\"html.default\">\n\t\t\t\t<div class=\"elementor-widget-container\">\n\t\t\t\t\t<div id=\"TA_excellent909\" class=\"TA_excellent\"><ul id=\"Ki6JCqmTn\" class=\"TA_links LbjHaDWvh\"><li id=\"amnSpC\" class=\"4KV5oPOWPK\"><a target=\"_blank\" href=\"https:\/\/www.tripadvisor.com\/Attraction_Review-g190454-d10206417-Reviews-Good_Vienna_Tours-Vienna.html\" rel=\"noopener\"><\/a><\/li><\/ul><\/div><script async src=\"https:\/\/www.jscache.com\/wejs?wtype=excellent&uniq=909&locationId=10206417&lang=en_US&display_version=2\" data-loadtrk onload=\"this.loadtrk=true\"><\/script>\t\t\t\t<\/div>\n\t\t\t\t<\/div>\n\t\t\t\t\t<\/div>\n\t\t<\/div>\n\t\t\t\t<div class=\"elementor-column elementor-col-66 elementor-top-column elementor-element elementor-element-20973e80\" data-id=\"20973e80\" data-element_type=\"column\" data-e-type=\"column\">\n\t\t\t<div class=\"elementor-widget-wrap elementor-element-populated\">\n\t\t\t\t\t\t<div class=\"elementor-element elementor-element-31743b5b elementor-widget elementor-widget-image\" data-id=\"31743b5b\" data-element_type=\"widget\" data-e-type=\"widget\" data-widget_type=\"image.default\">\n\t\t\t\t<div class=\"elementor-widget-container\">\n\t\t\t\t\t\t\t\t\t\t\t\t\t\t\t<img loading=\"lazy\" decoding=\"async\" loading=\"lazy\" width=\"980\" height=\"653\" src=\"https:\/\/goodviennatours.eu\/wp-content\/uploads\/2021\/05\/albertina-by-night-1024x682.jpg\" class=\"attachment-large size-large wp-image-19139\" alt=\"\" srcset=\"https:\/\/goodviennatours.eu\/wp-content\/uploads\/2021\/05\/albertina-by-night-1024x682.jpg 1024w, https:\/\/goodviennatours.eu\/wp-content\/uploads\/2021\/05\/albertina-by-night-300x200.jpg 300w, https:\/\/goodviennatours.eu\/wp-content\/uploads\/2021\/05\/albertina-by-night-768x512.jpg 768w, https:\/\/goodviennatours.eu\/wp-content\/uploads\/2021\/05\/albertina-by-night-675x450.jpg 675w, https:\/\/goodviennatours.eu\/wp-content\/uploads\/2021\/05\/albertina-by-night.jpg 1253w\" sizes=\"auto, (max-width: 980px) 100vw, 980px\" \/>\t\t\t\t\t\t\t\t\t\t\t\t\t\t\t<\/div>\n\t\t\t\t<\/div>\n\t\t\t\t\t<\/div>\n\t\t<\/div>\n\t\t\t\t\t<\/div>\n\t\t<\/section>\n\t\t\t\t<div class=\"elementor-section elementor-top-section elementor-element elementor-element-ba60d02 elementor-section-stretched elementor-section-boxed elementor-section-height-default elementor-section-height-default\" data-id=\"ba60d02\" data-element_type=\"section\" data-e-type=\"section\" data-settings=\"{&quot;stretch_section&quot;:&quot;section-stretched&quot;,&quot;background_background&quot;:&quot;classic&quot;,&quot;jet_parallax_layout_list&quot;:[]}\">\n\t\t\t\t\t\t<div class=\"elementor-container elementor-column-gap-no\">\n\t\t\t\t\t<div class=\"elementor-column elementor-col-100 elementor-top-column elementor-element elementor-element-4c2fee1\" data-id=\"4c2fee1\" data-element_type=\"column\" data-e-type=\"column\">\n\t\t\t<div class=\"elementor-widget-wrap elementor-element-populated\">\n\t\t\t\t\t\t<div class=\"elementor-element elementor-element-4c5cd49 elementor-widget elementor-widget-text-editor\" data-id=\"4c5cd49\" data-element_type=\"widget\" data-e-type=\"widget\" data-widget_type=\"text-editor.default\">\n\t\t\t\t<div class=\"elementor-widget-container\">\n\t\t\t\t\t\t\t\t\t<p>I dati personali (di seguito denominati \u201cdati\u201d) vengono da noi trattati solo nella misura necessaria e allo scopo di fornire un sito web funzionante e di facile utilizzo, compresi i suoi contenuti e i servizi ivi offerti.<\/p><p>Ai sensi dell&#8217;articolo 4, paragrafo 1, del Regolamento (UE) 2016\/679, ovvero il Regolamento generale sulla protezione dei dati (di seguito \u201cRGPD\u201d), per \u201ctrattamento\u201d si intende qualsiasi operazione o insieme di operazioni compiute con o senza l&#8217;ausilio di processi automatizzati, come la raccolta, la registrazione, l&#8217;organizzazione, la strutturazione, l&#8217;assegnazione, l&#8217;uso, l&#8217;adeguamento o l&#8217;alterazione, la lettura, l&#8217;interrogazione, l&#8217;utilizzo, la comunicazione mediante trasmissione, la diffusione o qualsiasi altra forma di messa a disposizione, l&#8217;allineamento o l&#8217;interconnessione, la limitazione, la cancellazione o la distruzione di dati personali.<\/p><p>La seguente informativa sulla privacy ha lo scopo di informarvi in particolare sul tipo, l&#8217;ambito, lo scopo, la durata e la base giuridica del trattamento di tali dati sotto la nostra responsabilit\u00e0 o sotto la responsabilit\u00e0 di terzi. Di seguito vi informiamo anche sui componenti di terzi che utilizziamo per ottimizzare il nostro sito web e migliorare l&#8217;esperienza dell&#8217;utente, il che pu\u00f2 comportare che anche tali terzi trattino i dati che raccolgono e controllano.<\/p><p>La nostra politica sulla privacy \u00e8 strutturata come segue:<\/p><ol><li>Informazioni su di noi in qualit\u00e0 di responsabili del trattamento dei vostri dati<\/li><li>I diritti degli utenti e delle persone interessate<\/li><\/ol><p>III. Informazioni sul trattamento dei dati<\/p><ol><li><strong>Informazioni su di noi in qualit\u00e0 di responsabili del trattamento dei vostri dati<\/strong><\/li><\/ol><p>Il responsabile di questo sito web (il \u201cResponsabile\u201d) ai sensi della normativa sulla protezione dei dati \u00e8:<\/p><p>Good Vienna Tours GmbH<\/p><p>Himmelpfortgasse 11\/25a<\/p><p>1010 Vienna, Austria<\/p><p>Telefono: +43 664 5544 315<\/p><p>E-mail: info@goodviennatours.eu<\/p><ol><li><strong>Diritti degli utenti e delle persone interessate<\/strong><\/li><\/ol><p>In relazione al trattamento dei dati descritto in dettaglio di seguito, gli utenti e gli interessati hanno il diritto di ottenere la conferma che i dati che li riguardano sono stati trattati, di ottenere informazioni sui dati trattati, ulteriori informazioni sul tipo di trattamento dei dati e copie dei dati (cfr. anche l&#8217;art. 15 del GDPR);<\/p><p>il diritto di rettifica o integrazione dei dati inesatti o incompleti (cfr. anche art. 16 GDPR);<\/p><p>il diritto alla cancellazione immediata dei dati che li riguardano (cfr. anche art. 17 GDPR) o, in subordine, se il trattamento \u00e8 necessario ai fini del trattamento ai sensi dell&#8217;art. 17, comma 3 GDPR, alla limitazione del trattamento ai sensi dell&#8217;art. 18 GDPR;<\/p><p>ottenere copie dei dati che li riguardano o da loro forniti e di farli trasmettere ad altri fornitori\/responsabili (cfr. anche art. 20 GDPR);<\/p><p>presentare reclami all&#8217;autorit\u00e0 di controllo se ritengono che i dati che li riguardano siano trattati dal responsabile del trattamento in violazione delle disposizioni sulla protezione dei dati (cfr. anche art. 77 GDPR).<\/p><p>Inoltre, il responsabile del trattamento \u00e8 tenuto a comunicare a tutti i destinatari ai quali ha trasmesso i dati la rettifica, la cancellazione o la limitazione del trattamento di tali dati ai sensi degli articoli 16, 17, paragrafo 1, e 18 del GDPR. Tale obbligo non sussiste tuttavia qualora tale comunicazione risulti impossibile o comporti uno sforzo sproporzionato. Gli utenti hanno comunque il diritto di ottenere informazioni su tali destinatari.<\/p><p><strong>Allo stesso modo, ai sensi dell&#8217;art. 21 del GDPR, gli utenti e le persone interessate hanno il diritto di opporsi al trattamento futuro dei propri dati da parte del responsabile del trattamento ai sensi dell&#8217;art. 6, comma 1, lett. f) del GDPR. In particolare, \u00e8 ammessa l&#8217;opposizione al trattamento dei dati per finalit\u00e0 di marketing diretto.<\/strong><\/p><p><strong>III. Informativa sul trattamento dei dati<\/strong><\/p><p>I dati trattati durante l&#8217;utilizzo del nostro sito web saranno cancellati o bloccati non appena verr\u00e0 meno lo scopo della loro conservazione, a meno che la cancellazione non sia in contrasto con gli obblighi di conservazione previsti dalla legge o non sia diversamente specificato di seguito.<\/p><p><strong>Cookie<\/strong><\/p><ol><li><strong>a) Cookie di sessione<\/strong><\/li><\/ol><p>Il nostro sito web utilizza i cookie. I cookie sono piccoli file di testo o altre tecnologie di archiviazione che vengono memorizzati dal vostro browser sul vostro computer. Questi cookie elaborano determinate informazioni su di voi, come ad esempio il vostro browser, i dati di localizzazione o il vostro indirizzo IP.<\/p><p>Questo trattamento serve a rendere il nostro sito web pi\u00f9 facile da usare, pi\u00f9 efficiente e pi\u00f9 sicuro e ci consente, ad esempio, di visualizzare il nostro sito web in diverse lingue o di offrire una funzione di carrello della spesa.<\/p><p>La base giuridica per questo trattamento \u00e8 l&#8217;art. 6 comma 1 lett. b) GDPR, nella misura in cui questi cookie vengono utilizzati per raccogliere dati per l&#8217;avvio o l&#8217;esecuzione di rapporti contrattuali.<\/p><p>Se il trattamento non serve all&#8217;avvio o all&#8217;esecuzione di un contratto, il nostro legittimo interesse risiede nel miglioramento della funzionalit\u00e0 del nostro sito web. La base giuridica \u00e8 quindi l&#8217;art. 6 comma 1 lett. f) GDPR.<\/p><p>Quando chiudete il browser, questi cookie di sessione vengono cancellati.<\/p><ol><li>b<b>) Cookie di terze parti<\/b><\/li><\/ol><p>Il nostro sito web pu\u00f2 anche utilizzare cookie di societ\u00e0 con cui collaboriamo per scopi pubblicitari, di analisi o di miglioramento delle funzionalit\u00e0 del nostro sito web.<\/p><p>Per i dettagli, in particolare sulla base giuridica e sulle finalit\u00e0 della raccolta e del trattamento dei dati raccolti tramite cookie da parte di terzi, si prega di consultare le informazioni seguenti.<\/p><ol><li><strong>c) Disattivazione dei cookie<\/strong><\/li><\/ol><p>\u00c8 possibile rifiutare l&#8217;uso dei cookie modificando le impostazioni del proprio browser. \u00c8 inoltre possibile cancellare i cookie gi\u00e0 memorizzati tramite il proprio browser. Tuttavia, i passaggi e le misure necessarie variano a seconda del browser utilizzato. In caso di domande, si prega di utilizzare la funzione di aiuto o consultare la documentazione del proprio browser o contattare il produttore per assistenza. L&#8217;impostazione dei cosiddetti cookie Flash non pu\u00f2 essere impedita dalle impostazioni del browser. \u00c8 invece necessario modificare le impostazioni del Flash Player. Le operazioni e le misure necessarie a tal fine dipendono anche dal Flash Player utilizzato. In caso di domande, si prega di utilizzare la funzione di aiuto o di consultare la documentazione del Flash Player o di rivolgersi al produttore per ricevere assistenza.<\/p><p>Se impedite o limitate l&#8217;installazione dei cookie, alcune funzioni del nostro sito potrebbero non essere completamente utilizzabili.<\/p><p><strong>Contatti<\/strong><\/p><p>Se ci contattate tramite e-mail o tramite il modulo di contatto, i dati da voi forniti saranno utilizzati per elaborare la vostra richiesta. Abbiamo bisogno di questi dati per poter elaborare e rispondere alla vostra richiesta; in caso contrario non saremo in grado di rispondere o di rispondere in modo completo.<\/p><p>La base giuridica per questo trattamento dei dati \u00e8 l&#8217;art. 6 comma 1 lett. b) GDPR.<\/p><p>I vostri dati saranno cancellati quando avremo risposto completamente alla vostra richiesta e non sussister\u00e0 alcun ulteriore obbligo legale di conservazione dei vostri dati, ad esempio se ne deriva un ordine o un contratto.<\/p><p><strong>Contributi degli utenti, commenti e valutazioni<\/strong><\/p><p>Vi offriamo la possibilit\u00e0 di pubblicare domande, risposte, opinioni e valutazioni sul nostro sito web, di seguito denominati \u201ccontributi\u201d. Se utilizzate questa possibilit\u00e0, tratteremo e pubblicheremo il vostro contributo, la data e l&#8217;ora in cui lo avete inviato, nonch\u00e9 l&#8217;eventuale pseudonimo che avete utilizzato.<\/p><p>La base giuridica \u00e8 l&#8217;art. 6 comma 1 lett. a) GDPR. Potete revocare il vostro consenso preventivamente con effetto per il futuro ai sensi dell&#8217;art. 7 comma 3 GDPR. A tal fine \u00e8 sufficiente comunicarci che desiderate revocare il vostro consenso.<\/p><p>Inoltre, trattiamo anche il vostro indirizzo IP e il vostro indirizzo e-mail. L&#8217;indirizzo IP viene trattato perch\u00e9 potremmo avere un interesse legittimo a intraprendere o sostenere ulteriori misure qualora il vostro contributo violi i diritti di terzi e\/o sia altrimenti illegale.<\/p><p>La base giuridica in questo caso \u00e8 l&#8217;art. 6 comma 1 lett. f) GDPR. Il nostro interesse legittimo risiede in una possibile difesa legale che potremmo dover intraprendere.<\/p><p><strong>Link ai social media tramite grafici<\/strong><\/p><p>Nel nostro sito web integriamo anche le seguenti pagine dei social media. L&#8217;integrazione avviene tramite un grafico collegato alla rispettiva pagina. L&#8217;utilizzo di questi grafici memorizzati sui nostri server impedisce il collegamento automatico ai server di queste reti per la visualizzazione. Solo quando cliccate sul grafico corrispondente sarete reindirizzati al servizio del rispettivo social network.<\/p><p>Non appena clicchi, tale social network pu\u00f2 registrare informazioni su di te e sulla tua visita al nostro sito web. Non si pu\u00f2 escludere che tali dati vengano trattati negli Stati Uniti.<\/p><p>Tali dati includono, tra l&#8217;altro, il tuo indirizzo IP, la data e l&#8217;ora della tua visita e la pagina visitata. Tuttavia, se avete effettuato l&#8217;accesso al vostro account utente su tale rete, il gestore della rete pu\u00f2 associare le informazioni raccolte durante la vostra visita al nostro sito web al vostro account personale. Se interagite cliccando su \u201cMi piace\u201d, \u201cCondividi\u201d, ecc., queste informazioni possono essere memorizzate nel vostro account utente personale ed eventualmente pubblicate sulla rete corrispondente. Per evitare ci\u00f2, \u00e8 necessario disconnettersi dal proprio account social media prima di cliccare sull&#8217;immagine. I vari social network offrono anche impostazioni che \u00e8 possibile configurare di conseguenza.<\/p><p>I seguenti social network sono integrati nella nostra pagina tramite immagini collegate:<\/p><p><strong>Facebook<\/strong><\/p><p>Facebook Ireland Limited, 4 Grand Canal Square, Dublino 2, Irlanda, una filiale di Facebook Inc. 1601 S. California Ave, Palo Alto, CA 94304, USA.<\/p><p>Informativa sulla privacy: https:\/\/www.facebook.com\/policy.php<\/p><p><strong>twitter<\/strong><\/p><p>Twitter Inc. 795 Folsom St., Suite 600, San Francisco, CA 94107, USA<\/p><p>Informativa sulla privacy: https:\/\/twitter.com\/privacy<\/p><p><strong>YouTube<\/strong><\/p><p>Google Ireland Limited, Gordon House, Barrow Street, Dublino 4, Irlanda, una consociata di Google LLC, 1600 Amphitheatre Parkway, Mountain View, CA 94043 USA<\/p><p>Informativa sulla privacy: https:\/\/policies.google.com\/privacy<\/p><p><strong>Instagram<\/strong><\/p><p>Facebook Ireland Limited, 4 Grand Canal Square, Dublino 2, Irlanda, una consociata di Facebook Inc, 1601 S. California Ave., Palo Alto, CA 94304, USA.<\/p><p>Informativa sulla privacy: https:\/\/help.instagram.com\/519522125107875<\/p><p><strong>Google Maps<\/strong><\/p><p>Il nostro sito web utilizza Google Maps per visualizzare la nostra posizione e fornire indicazioni stradali. Si tratta di un servizio fornito da Google Ireland Limited, Gordon House, Barrow Street, Dublino 4, Irlanda (di seguito: Google).<\/p><p>Per consentire la visualizzazione di determinati caratteri tipografici sul nostro sito web, ogni volta che si accede al nostro sito web viene stabilita una connessione con il server di Google negli Stati Uniti.<\/p><p>Quando si accede ai componenti di Google Maps integrati nel nostro sito web, Google memorizza un cookie sul dispositivo dell&#8217;utente tramite il browser. Le impostazioni dell&#8217;utente e i dati vengono elaborati per visualizzare la nostra posizione e fornire indicazioni stradali. Non possiamo impedire a Google di utilizzare server negli Stati Uniti.<\/p><p>La base giuridica \u00e8 l&#8217;art. 6 comma 1 lett. f) del GDPR. Il nostro legittimo interesse risiede nell&#8217;ottimizzazione della funzionalit\u00e0 del nostro sito web.<\/p><p>Attraverso questo collegamento a Google, Google pu\u00f2 determinare da quale sito web \u00e8 stata inviata la vostra richiesta e a quale indirizzo IP vengono trasmesse le istruzioni.<\/p><p>Se non siete d&#8217;accordo con questo trattamento, avete la possibilit\u00e0 di impedire l&#8217;installazione dei cookie tramite le impostazioni appropriate nel vostro browser. Per ulteriori dettagli, consultate la sezione sui cookie sopra riportata.<\/p><p>Per l&#8217;utilizzo di Google Maps e delle informazioni ottenute tramite Google Maps si applicano inoltre le condizioni di utilizzo di Google https:\/\/policies.google.com\/terms?gl=DE&amp;hl=en e le condizioni di utilizzo di Google Maps https:\/\/www.google.com\/intl\/de_de\/help\/terms_maps.html.<\/p><p>Google fornisce ulteriori informazioni anche all&#8217;indirizzo:<\/p><p>https:\/\/adssettings.google.com\/authenticated<\/p><p>https:\/\/policies.google.com\/privacy.<\/p><p><strong>Google Fonts<\/strong><\/p><p>Il nostro sito web utilizza Google Fonts per visualizzare caratteri tipografici esterni. Si tratta di un servizio fornito da Google Ireland Limited, Gordon House, Barrow Street, Dublino 4, Irlanda (di seguito: Google).<\/p><p>Per consentire la visualizzazione di determinati caratteri sul nostro sito web, ogni volta che accedete al nostro sito web viene stabilita una connessione con il server di Google negli Stati Uniti.<\/p><p>La base giuridica \u00e8 l&#8217;art. 6 comma 1 lett. f) GDPR. Il nostro legittimo interesse risiede nell&#8217;ottimizzazione e nel funzionamento economico del nostro sito.<\/p><p>Quando accedete al nostro sito, viene stabilita una connessione con Google, che consente a Google di riconoscere da quale pagina \u00e8 stata inviata la vostra richiesta e a quale indirizzo IP vengono trasmessi i caratteri per la visualizzazione.<\/p><p>Google fornisce informazioni dettagliate all&#8217;indirizzo:<\/p><p>https:\/\/adssettings.google.com\/authenticated<\/p><p>https:\/\/policies.google.com\/privacy<\/p><p>in particolare sulle possibilit\u00e0 di impedire l&#8217;utilizzo dei dati.<\/p>\t\t\t\t\t\t\t\t<\/div>\n\t\t\t\t<\/div>\n\t\t\t\t\t<\/div>\n\t\t<\/div>\n\t\t\t\t\t<\/div>\n\t\t<\/div>\n\t\t\t\t<div class=\"elementor-section elementor-top-section elementor-element elementor-element-6c39a1f elementor-section-stretched elementor-section-boxed elementor-section-height-default elementor-section-height-default\" data-id=\"6c39a1f\" data-element_type=\"section\" data-e-type=\"section\" data-settings=\"{&quot;stretch_section&quot;:&quot;section-stretched&quot;,&quot;background_background&quot;:&quot;classic&quot;,&quot;jet_parallax_layout_list&quot;:[]}\">\n\t\t\t\t\t\t<div class=\"elementor-container elementor-column-gap-no\">\n\t\t\t\t\t<div class=\"elementor-column elementor-col-100 elementor-top-column elementor-element elementor-element-572432e\" data-id=\"572432e\" data-element_type=\"column\" data-e-type=\"column\">\n\t\t\t<div class=\"elementor-widget-wrap elementor-element-populated\">\n\t\t\t\t\t\t<div class=\"elementor-element elementor-element-bfb0610 elementor-widget elementor-widget-google_maps\" data-id=\"bfb0610\" data-element_type=\"widget\" data-e-type=\"widget\" data-widget_type=\"google_maps.default\">\n\t\t\t\t<div class=\"elementor-widget-container\">\n\t\t\t\t\t\t\t<div class=\"elementor-custom-embed\">\n\t\t\t<iframe loading=\"lazy\"\n\t\t\t\t\tsrc=\"https:\/\/maps.google.com\/maps?q=Albertinaplatz%201%2C%201010%20Wien&#038;t=m&#038;z=13&#038;output=embed&#038;iwloc=near\"\n\t\t\t\t\ttitle=\"Albertinaplatz 1, 1010 Wien\"\n\t\t\t\t\taria-label=\"Albertinaplatz 1, 1010 Wien\"\n\t\t\t><\/iframe>\n\t\t<\/div>\n\t\t\t\t\t\t<\/div>\n\t\t\t\t<\/div>\n\t\t\t\t\t<\/div>\n\t\t<\/div>\n\t\t\t\t\t<\/div>\n\t\t<\/div>\n\t\t\t\t<\/div>\n\t\t","protected":false},"excerpt":{"rendered":"<p>Informativa sulla privacy I dati personali (di seguito denominati \u201cdati\u201d) vengono da noi trattati solo nella misura necessaria e allo scopo di fornire un sito web funzionante e di facile utilizzo, compresi i suoi contenuti e i servizi ivi offerti. Ai sensi dell&#8217;articolo 4, paragrafo 1, del Regolamento (UE) 2016\/679, ovvero il Regolamento generale sulla [&hellip;]<\/p>\n","protected":false},"author":2,"featured_media":0,"parent":0,"menu_order":0,"comment_status":"closed","ping_status":"closed","template":"","meta":{"inline_featured_image":false,"_monsterinsights_skip_tracking":false,"_monsterinsights_sitenote_active":false,"_monsterinsights_sitenote_note":"","_monsterinsights_sitenote_category":0,"footnotes":""},"class_list":["post-19233","page","type-page","status-publish","hentry"],"_links":{"self":[{"href":"https:\/\/goodviennatours.eu\/it\/wp-json\/wp\/v2\/pages\/19233","targetHints":{"allow":["GET"]}}],"collection":[{"href":"https:\/\/goodviennatours.eu\/it\/wp-json\/wp\/v2\/pages"}],"about":[{"href":"https:\/\/goodviennatours.eu\/it\/wp-json\/wp\/v2\/types\/page"}],"author":[{"embeddable":true,"href":"https:\/\/goodviennatours.eu\/it\/wp-json\/wp\/v2\/users\/2"}],"replies":[{"embeddable":true,"href":"https:\/\/goodviennatours.eu\/it\/wp-json\/wp\/v2\/comments?post=19233"}],"version-history":[{"count":3,"href":"https:\/\/goodviennatours.eu\/it\/wp-json\/wp\/v2\/pages\/19233\/revisions"}],"predecessor-version":[{"id":19239,"href":"https:\/\/goodviennatours.eu\/it\/wp-json\/wp\/v2\/pages\/19233\/revisions\/19239"}],"wp:attachment":[{"href":"https:\/\/goodviennatours.eu\/it\/wp-json\/wp\/v2\/media?parent=19233"}],"curies":[{"name":"wp","href":"https:\/\/api.w.org\/{rel}","templated":true}]}}